{"id":7483,"date":"2024-07-22T08:47:23","date_gmt":"2024-07-22T01:47:23","guid":{"rendered":"https:\/\/dhti.vn\/?page_id=7483"},"modified":"2024-08-19T12:13:19","modified_gmt":"2024-08-19T05:13:19","slug":"oem-request","status":"publish","type":"page","link":"https:\/\/dhti.vn\/en\/oem-request\/","title":{"rendered":"OEM request"},"content":{"rendered":"<p>Private label production cost \u2013 Eng version<\/p>\n<p>To produce a private label, you need to spend:<\/p>\n<ul>\n<li><strong>The production cost of printing shaft<\/strong><\/li>\n<li><strong>Investment cost of nylon bags bearing your own brand name<\/strong><\/li>\n<\/ul>\n<p>These costs will be refunded when you reach the output according to the table below<\/p>\n<table width=\"100%\">\n<tbody>\n<tr>\n<th rowspan=\"3\"><strong>STT<\/strong><\/th>\n<th rowspan=\"3\"><strong>Type<\/strong><\/th>\n<th colspan=\"8\"><strong>The production cost of printing shaft<\/strong><\/th>\n<\/tr>\n<tr>\n<td rowspan=\"2\">Color SL<br \/>\n(SL print axis)<\/td>\n<td rowspan=\"2\">Price<br \/>\n(VN\u0110\/female)<\/td>\n<td rowspan=\"2\">Total<br \/>\n(VN\u0110)<\/td>\n<td colspan=\"5\"><strong>Conditions for a refund of shaft deposit:<\/strong><\/p>\n<p><strong>Minimum output\/first year (pack)<\/strong><\/td>\n<\/tr>\n<tr>\n<td><strong>3 axis<\/strong><\/td>\n<td><strong>4 axis<\/strong><\/td>\n<td><strong>5 axis<\/strong><\/td>\n<td><strong>6 axis<\/strong><\/td>\n<td><strong>7 axis<\/strong><\/td>\n<\/tr>\n<tr>\n<td><strong>1<\/strong><\/td>\n<td><strong>2<\/strong><\/td>\n<td><strong>3<\/strong><\/td>\n<td><strong>4<\/strong><\/td>\n<td><strong>5<\/strong><\/td>\n<td><strong>6<\/strong><\/td>\n<td><strong>7<\/strong><\/td>\n<td><strong>8<\/strong><\/td>\n<td><strong>9<\/strong><\/td>\n<td><strong>10<\/strong><\/td>\n<\/tr>\n<tr>\n<td>Wet wipes<\/td>\n<td><\/td>\n<td>3<\/td>\n<td>6,960<\/td>\n<td>20,880<\/td>\n<td>1,000,000<\/td>\n<td>1,000,000<\/td>\n<td>1,700,000<\/td>\n<td>2,000,000<\/td>\n<td>2,400,000<\/td>\n<\/tr>\n<\/tbody>\n<\/table>\n<p>1. You need to pay the production cost of the printing roller. Charged cost = axis price x number of colors printed. If the minimum order quantity is equal to or greater than the equivalent quantity shown in the table above (columns 6-7-8-9-10), DHTI will reimburse you for the cost of the printhead investment.<\/p>\n<table width=\"100%\">\n<tbody>\n<tr>\n<th rowspan=\"3\"><strong>STT<\/strong><\/th>\n<th rowspan=\"3\"><strong>Type<\/strong><\/th>\n<th colspan=\"4\"><strong>The cost of depositing nylon bags<\/strong><\/th>\n<\/tr>\n<tr>\n<td colspan=\"3\"><strong>Nylon bag<\/strong><\/td>\n<td rowspan=\"2\"><strong>Equivalent amount of goods<\/strong><br \/>\n<strong>(bin)<\/strong><\/td>\n<\/tr>\n<tr>\n<td><strong>MOQ<\/strong><br \/>\n<strong>(package)<\/strong><\/td>\n<td><strong>Price<\/strong><br \/>\n<strong>(VND\/piece)<\/strong><\/td>\n<td><strong>Total<\/strong><br \/>\n<strong>(VN\u0110)<\/strong><\/td>\n<\/tr>\n<tr>\n<td><strong>1<\/strong><\/td>\n<td><strong>2<\/strong><\/td>\n<td><strong>3<\/strong><\/td>\n<td><strong>4<\/strong><\/td>\n<td><strong>5<\/strong><\/td>\n<td><strong>6<\/strong><\/td>\n<\/tr>\n<tr>\n<td>1<\/td>\n<td>Wet wipes 100 sheet<\/td>\n<td>88,500<\/td>\n<td>944.24<\/td>\n<td>83,566,400<\/td>\n<td>3,687.5<\/td>\n<\/tr>\n<tr>\n<td>2<\/td>\n<td>Wet wipes 80 sheet<\/td>\n<td>96,000<\/td>\n<td>870<\/td>\n<td>83,520,000<\/td>\n<td>4,000.0<\/td>\n<\/tr>\n<tr>\n<td>3<\/td>\n<td>Wet wipes 50 sheet<\/td>\n<td>112,050<\/td>\n<td>705.28<\/td>\n<td>79,019,200<\/td>\n<td>3,501.6<\/td>\n<\/tr>\n<tr>\n<td>4<\/td>\n<td>Wet wipes 30 sheet<\/td>\n<td>172,500<\/td>\n<td>484.88<\/td>\n<td>83,636,000<\/td>\n<td>2,875.0<\/td>\n<\/tr>\n<tr>\n<td>5<\/td>\n<td>Wet wipes 20 sheet<\/td>\n<td>240,000<\/td>\n<td>348<\/td>\n<td>83,520,000<\/td>\n<td>4,000.0<\/td>\n<\/tr>\n<tr>\n<td>6<\/td>\n<td>Wet wipes 10 sheet<\/td>\n<td>243,750<\/td>\n<td>343.36<\/td>\n<td>83,705,600<\/td>\n<td>2,437.5<\/td>\n<\/tr>\n<\/tbody>\n<\/table>\n<p>2. For first-time customers, if the quantity ordered is equal to or greater than the equivalent quantity shown in the table above (column 6), the customer will not have to pay a deposit for the film and decal.<\/p>\n<p>3. For first-time customers, if the order quantity is less than the equivalent quantity shown in the table above (column 6), the customer will have to deposit the minimum cost of film and decal for each type of row in the table. above. This deposit will be gradually deducted from the customer\u2019s payment for each pick-up. The minimum order is 300 cartons\/time\/type and the total quantity is enough for 1 20\u2032 container.<\/p>\n<h4>Send request for private label production<\/h4>\n<div class=\"article-info-detail article-info-detail-oemodm \">\n\n<div class=\"wpcf7 no-js\" id=\"wpcf7-f7080-o1\" lang=\"vi-VN\" dir=\"ltr\">\n<div class=\"screen-reader-response\"><p role=\"status\" aria-live=\"polite\" aria-atomic=\"true\"><\/p> <ul><\/ul><\/div>\n<form action=\"\/en\/wp-json\/wp\/v2\/pages\/7483\/#wpcf7-f7080-o1\" method=\"post\" class=\"wpcf7-form init\" aria-label=\"Contact form\" enctype=\"multipart\/form-data\" novalidate=\"novalidate\" data-status=\"init\">\n<div style=\"display: none;\">\n<input type=\"hidden\" name=\"_wpcf7\" value=\"7080\" \/>\n<input type=\"hidden\" name=\"_wpcf7_version\" value=\"5.9.7\" \/>\n<input type=\"hidden\" name=\"_wpcf7_locale\" value=\"vi_VN\" \/>\n<input type=\"hidden\" name=\"_wpcf7_unit_tag\" value=\"wpcf7-f7080-o1\" \/>\n<input type=\"hidden\" name=\"_wpcf7_container_post\" value=\"0\" \/>\n<input type=\"hidden\" name=\"_wpcf7_posted_data_hash\" value=\"\" \/>\n<\/div>\n<div class=\"frm-oem-wrapper\">\n<div class=\"f-row\">\n<div class=\"f-item\">\n<span class=\"f-item--icon\"><img decoding=\"async\" src=\"https:\/\/dhti.vn\/wp-content\/themes\/dhti\/images\/cf7\/icon-pencil.png\"><\/span><span class=\"wpcf7-form-control-wrap\" data-name=\"your-topic\"><input size=\"40\" maxlength=\"400\" class=\"wpcf7-form-control wpcf7-text wpcf7-validates-as-required ctafocus\" id=\"inputChude\" aria-required=\"true\" aria-invalid=\"false\" placeholder=\"Topic*\" value=\"\" type=\"text\" name=\"your-topic\" \/><\/span>\n<\/div>\n<\/div>\n\n<div class=\"f-row\">\n<div class=\"f-item\">\n<span class=\"f-item--icon\"><img decoding=\"async\" src=\"https:\/\/dhti.vn\/wp-content\/themes\/dhti\/images\/cf7\/icon-company.png\"><\/span>\n<span class=\"wpcf7-form-control-wrap\" data-name=\"your-company-name\"><input size=\"40\" maxlength=\"400\" class=\"wpcf7-form-control wpcf7-text wpcf7-validates-as-required ctafocus\" id=\"inputTencongty\" aria-required=\"true\" aria-invalid=\"false\" placeholder=\"Company name*\" value=\"\" type=\"text\" name=\"your-company-name\" \/><\/span>\n<\/div>\n<\/div>\n\n<div class=\"f-row\">\n<div class=\"f-item\">\n<span class=\"f-item--icon\"><img decoding=\"async\" src=\"https:\/\/dhti.vn\/wp-content\/themes\/dhti\/images\/cf7\/icon-user.png\"><\/span>\n<span class=\"wpcf7-form-control-wrap\" data-name=\"your-name\"><input size=\"40\" maxlength=\"400\" class=\"wpcf7-form-control wpcf7-text wpcf7-validates-as-required ctafocus\" id=\"inputTen\" aria-required=\"true\" aria-invalid=\"false\" placeholder=\"Personal Name*\" value=\"\" type=\"text\" name=\"your-name\" \/><\/span>\n<\/div>\n<\/div>\n\n<div class=\"f-row\">\n<div class=\"f-item\">\n<span class=\"f-item--icon\"><img decoding=\"async\" src=\"https:\/\/dhti.vn\/wp-content\/themes\/dhti\/images\/cf7\/icon-mail.png\"><\/span>\n<span class=\"wpcf7-form-control-wrap\" data-name=\"your-email\"><input size=\"40\" maxlength=\"400\" class=\"wpcf7-form-control wpcf7-email wpcf7-validates-as-required wpcf7-text wpcf7-validates-as-email ctafocus\" id=\"inputEmail4\" aria-required=\"true\" aria-invalid=\"false\" placeholder=\"Email*\" value=\"\" type=\"email\" name=\"your-email\" \/><\/span>\n<\/div>\n<\/div>\n\n<div class=\"f-row\">\n<div class=\"f-col\">\n<div class=\"f-item\">\n<span class=\"f-item--icon\"><img decoding=\"async\" src=\"https:\/\/dhti.vn\/wp-content\/themes\/dhti\/images\/cf7\/icon-phone.png\"><\/span>\n<span class=\"wpcf7-form-control-wrap\" data-name=\"your-phone\"><input size=\"40\" maxlength=\"400\" class=\"wpcf7-form-control wpcf7-tel wpcf7-validates-as-required wpcf7-text wpcf7-validates-as-tel ctafocus\" id=\"inputPhone4\" aria-required=\"true\" aria-invalid=\"false\" placeholder=\"Phone*\" value=\"\" type=\"tel\" name=\"your-phone\" \/><\/span>\n<\/div>\n<\/div>\n<div class=\"f-col\">\n<div class=\"f-item\">\n<span class=\"wpcf7-form-control-wrap\" data-name=\"menu-nation\"><select class=\"wpcf7-form-control wpcf7-select\" aria-invalid=\"false\" name=\"menu-nation\"><option value=\"-- Choose nation --\">-- Choose nation --<\/option><option value=\"Afghanistan\">Afghanistan<\/option><option value=\"Algeria\">Algeria<\/option><option value=\"Angola\">Angola<\/option><option value=\"Argentina\">Argentina<\/option><option value=\"Austria\">Austria<\/option><option value=\"Australia\">Australia<\/option><option value=\"Bangladesh\">Bangladesh<\/option><option value=\"Belarus\">Belarus<\/option><option value=\"Belgium\">Belgium<\/option><option value=\"Bolivia\">Bolivia<\/option><option value=\"Bosnia and Herzegovina\">Bosnia and Herzegovina<\/option><option value=\"Brazil\">Brazil<\/option><option value=\"Britain\">Britain<\/option><option value=\"Bulgaria\">Bulgaria<\/option><option value=\"Cambodia\">Cambodia<\/option><option value=\"Cameroon\">Cameroon<\/option><option value=\"Canada\">Canada<\/option><option value=\"Central African Republic\">Central African Republic<\/option><option value=\"Chad\">Chad<\/option><option value=\"China\">China<\/option><option value=\"Colombia\">Colombia<\/option><option value=\"Costa Rica\">Costa Rica<\/option><option value=\"Croatia\">Croatia<\/option><option value=\"the Czech Republic\">the Czech Republic<\/option><option value=\"Democratic Republic of the Congo\">Democratic Republic of the Congo<\/option><option value=\"Denmark\">Denmark<\/option><option value=\"Ecuador\">Ecuador<\/option><option value=\"Egypt\">Egypt<\/option><option value=\"El Salvador\">El Salvador<\/option><option value=\"England\">England<\/option><option value=\"Estonia\">Estonia<\/option><option value=\"Ethiopia\">Ethiopia<\/option><option value=\"Finland\">Finland<\/option><option value=\"France\">France<\/option><option value=\"Germany\">Germany<\/option><option value=\"Ghana\">Ghana<\/option><option value=\"Greece\">Greece<\/option><option value=\"Guatemala\">Guatemala<\/option><option value=\"Holland\">Holland<\/option><option value=\"Honduras\">Honduras<\/option><option value=\"Hungary\">Hungary<\/option><option value=\"Iceland\">Iceland<\/option><option value=\"India\">India<\/option><option value=\"Indonesia\">Indonesia<\/option><option value=\"Iran\">Iran<\/option><option value=\"Iraq\">Iraq<\/option><option value=\"Ireland\">Ireland<\/option><option value=\"Israel\">Israel<\/option><option value=\"Italy\">Italy<\/option><option value=\"Ivory Coast\">Ivory Coast<\/option><option value=\"Jamaica\">Jamaica<\/option><option value=\"Japan\">Japan<\/option><option value=\"Jordan\">Jordan<\/option><option value=\"Kazakhstan\">Kazakhstan<\/option><option value=\"Kenya\">Kenya<\/option><option value=\"Laos\">Laos<\/option><option value=\"Latvia\">Latvia<\/option><option value=\"Libya\">Libya<\/option><option value=\"Lithuania\">Lithuania<\/option><option value=\"Madagascar\">Madagascar<\/option><option value=\"Malaysia\">Malaysia<\/option><option value=\"Mali\">Mali<\/option><option value=\"Mauritania\">Mauritania<\/option><option value=\"Mexico\">Mexico<\/option><option value=\"Morocco\">Morocco<\/option><option value=\"Namibia\">Namibia<\/option><option value=\"New Zealand\">New Zealand<\/option><option value=\"Nicaragua\">Nicaragua<\/option><option value=\"Niger\">Niger<\/option><option value=\"Nigeria\">Nigeria<\/option><option value=\"Norway\">Norway<\/option><option value=\"Oman\">Oman<\/option><option value=\"Pakistan\">Pakistan<\/option><option value=\"Panama\">Panama<\/option><option value=\"Paraguay\">Paraguay<\/option><option value=\"Peru\">Peru<\/option><option value=\"The Philippines\">The Philippines<\/option><option value=\"Poland\">Poland<\/option><option value=\"Portugal\">Portugal<\/option><option value=\"Republic of the Congo\">Republic of the Congo<\/option><option value=\"Romania\">Romania<\/option><option value=\"Russia\">Russia<\/option><option value=\"Saudi Arabia\">Saudi Arabia<\/option><option value=\"Scotland\">Scotland<\/option><option value=\"Senegal\">Senegal<\/option><option value=\"Serbia\">Serbia<\/option><option value=\"Singapore\">Singapore<\/option><option value=\"Slovakia\">Slovakia<\/option><option value=\"Somalia\">Somalia<\/option><option value=\"South Africa\">South Africa<\/option><option value=\"Spain\">Spain<\/option><option value=\"Sudan\">Sudan<\/option><option value=\"Sweden\">Sweden<\/option><option value=\"Switzerland\">Switzerland<\/option><option value=\"Syria\">Syria<\/option><option value=\"Thailand\">Thailand<\/option><option value=\"Tunisia\">Tunisia<\/option><option value=\"Turkey\">Turkey<\/option><option value=\"Turkmenistan\">Turkmenistan<\/option><option value=\"Ukraine\">Ukraine<\/option><option value=\"The United Arab Emirates\">The United Arab Emirates<\/option><option value=\"The United States\">The United States<\/option><option value=\"Uruguay\">Uruguay<\/option><option value=\"Vietnam\">Vietnam<\/option><option value=\"Wales\">Wales<\/option><option value=\"Zambia\">Zambia<\/option><option value=\"Zimbabwe\">Zimbabwe<\/option><\/select><\/span>\n<\/div>\n<\/div>\n<\/div>\n<table>\n<tbody>\n\n<tr>\n<td class=\"lbl-bold\">Category<\/td>\n<td><span class=\"only-mobile lbl-bold\">Category<\/span><span class=\"wpcf7-form-control-wrap\" data-name=\"oem-category\"><select class=\"wpcf7-form-control wpcf7-select\" aria-invalid=\"false\" name=\"oem-category\"><option value=\"Wet wipes for baby\">Wet wipes for baby<\/option><option value=\"Wet wipes for cleaning items\/floor\">Wet wipes for cleaning items\/floor<\/option><option value=\"Wet wipes for the elderly\">Wet wipes for the elderly<\/option><option value=\"Wet wipes for cleaning shoes\">Wet wipes for cleaning shoes<\/option><option value=\"Wet wipes for kitchen\">Wet wipes for kitchen<\/option><option value=\"Other types: Indicate the requirement\">Other types: Indicate the requirement<\/option><\/select><\/span><\/td>\n<\/tr>\n\n<tr>\n<td class=\"lbl-bold\">OEM or our current brand<\/td>\n<td><span class=\"only-mobile lbl-bold\">OEM or our current brand<\/span><span class=\"wpcf7-form-control-wrap\" data-name=\"oem-category\"><select class=\"wpcf7-form-control wpcf7-select\" aria-invalid=\"false\" name=\"oem-category\"><option value=\"Our current brand\">Our current brand<\/option><option value=\"OEM\">OEM<\/option><\/select><\/span><\/td>\n<\/tr>\n\n<tr class=\"lbl-group\">\n<td class=\"lbl-bold\" colspan=\"2\" style=\"border-right:none\">Quantity<\/td>\n<\/tr>\n\n<tr>\n<td>Number or orders\/ purchase order<\/td>\n<td class=\"mobile-no-border-bottom\"><span class=\"only-mobile lbl-bold mb-10\">Quantity<\/span><span class=\"only-mobile\">Number or orders\/ purchase order<\/span><span class=\"wpcf7-form-control-wrap\" data-name=\"number_orders\"><input class=\"wpcf7-form-control wpcf7-number wpcf7-validates-as-number\" aria-invalid=\"false\" placeholder=\"60000 packs\" value=\"\" type=\"number\" name=\"number_orders\" \/><\/span><\/td>\n<\/tr>\n\n<tr>\n<td>Number or orders\/ month<\/td>\n<td><span class=\"only-mobile\">Number or orders\/ month<\/span><span class=\"wpcf7-form-control-wrap\" data-name=\"number_orders_per_mon\"><input class=\"wpcf7-form-control wpcf7-number wpcf7-validates-as-number\" aria-invalid=\"false\" placeholder=\"20000 packs\" value=\"\" type=\"number\" name=\"number_orders_per_mon\" \/><\/span><\/td>\n<\/tr>\n\n<tr class=\"lbl-group\">\n<td class=\"lbl-bold\" colspan=\"2\" style=\"border-right:none\">Specification<\/td>\n<\/tr>\n\n<tr>\n<td>Number or sheets\/pack<\/td>\n<td class=\"mobile-no-border-bottom\"><span class=\"only-mobile lbl-bold mb-10\">Specification<\/span><span class=\"only-mobile\">Number or sheets\/pack<\/span><span class=\"wpcf7-form-control-wrap\" data-name=\"number_of_sheets\"><input class=\"wpcf7-form-control wpcf7-number wpcf7-validates-as-number\" aria-invalid=\"false\" placeholder=\"80 sheets\" value=\"\" type=\"number\" name=\"number_of_sheets\" \/><\/span><\/td>\n<\/tr>\n\n<tr>\n<td>Number or packs\/carton<\/td>\n<td class=\"mobile-no-border-bottom\"><span class=\"only-mobile\">Number or packs\/carton<\/span><span class=\"wpcf7-form-control-wrap\" data-name=\"number_of_packs\"><input class=\"wpcf7-form-control wpcf7-number wpcf7-validates-as-number\" aria-invalid=\"false\" placeholder=\"24 packs\" value=\"\" type=\"number\" name=\"number_of_packs\" \/><\/span><\/td>\n<\/tr>\n\n<tr>\n<td>Size of sheet<\/td>\n<td class=\"mobile-no-border-bottom\"><span class=\"only-mobile\">Size of sheet<\/span><span class=\"wpcf7-form-control-wrap\" data-name=\"size_of_sheet\"><input size=\"40\" maxlength=\"400\" class=\"wpcf7-form-control wpcf7-text\" aria-invalid=\"false\" placeholder=\"150*200mm\" value=\"\" type=\"text\" name=\"size_of_sheet\" \/><\/span><\/td>\n<\/tr>\n\n<tr>\n<td>Ratio of Viscose\/Cotton\/PP<\/td>\n<td class=\"mobile-no-border-bottom\"><span class=\"only-mobile\">Ratio of Viscose\/Cotton\/PP<\/span><span class=\"wpcf7-form-control-wrap\" data-name=\"ratio_of_viscose\"><input size=\"40\" maxlength=\"400\" class=\"wpcf7-form-control wpcf7-text\" aria-invalid=\"false\" placeholder=\"20% Viscose, 80% PP\" value=\"\" type=\"text\" name=\"ratio_of_viscose\" \/><\/span><\/td>\n<\/tr>\n\n<tr>\n<td>Quantification of tabric<\/td>\n<td><span class=\"only-mobile\">Quantification of tabric<\/span><span class=\"wpcf7-form-control-wrap\" data-name=\"quantification_of_tabric\"><input size=\"40\" maxlength=\"400\" class=\"wpcf7-form-control wpcf7-text\" aria-invalid=\"false\" placeholder=\"40gsm\" value=\"\" type=\"text\" name=\"quantification_of_tabric\" \/><\/span><\/td>\n<\/tr>\n\n<tr class=\"lbl-group\">\n<td class=\"lbl-bold\" colspan=\"2\" style=\"border-right:none\">Active ingredients<\/td>\n<\/tr>\n\n<tr>\n<td>According to our formula<\/td>\n<td class=\"mobile-no-border-bottom\"><span class=\"only-mobile lbl-bold mb-10\">Active ingredients<\/span><span class=\"only-mobile\">According to our formula<\/span><span class=\"wpcf7-form-control-wrap\" data-name=\"according_to_our_formula\"><input size=\"40\" maxlength=\"400\" class=\"wpcf7-form-control wpcf7-text\" aria-invalid=\"false\" value=\"\" type=\"text\" name=\"according_to_our_formula\" \/><\/span><\/td>\n<\/tr>\n\n<tr>\n<td>According to your formula<\/td>\n<td><span class=\"only-mobile\">According to your formula<\/span><span class=\"wpcf7-form-control-wrap\" data-name=\"according_to_your_formula\"><input size=\"40\" maxlength=\"400\" class=\"wpcf7-form-control wpcf7-text\" aria-invalid=\"false\" value=\"\" type=\"text\" name=\"according_to_your_formula\" \/><\/span><\/td>\n<\/tr>\n\n<tr class=\"lbl-group\">\n<td class=\"lbl-bold\" colspan=\"2\" style=\"border-right:none\">Packaging<\/td>\n<\/tr>\n\n<tr>\n<td>Number of color printings<\/td>\n<td class=\"mobile-no-border-bottom\"><span class=\"only-mobile lbl-bold mb-10\">Packaging<\/span><span class=\"only-mobile\">Number of color printings<\/span><span class=\"wpcf7-form-control-wrap\" data-name=\"number_of_color_printings\"><input class=\"wpcf7-form-control wpcf7-number wpcf7-validates-as-number\" aria-invalid=\"false\" placeholder=\"3 colors\" value=\"\" type=\"number\" name=\"number_of_color_printings\" \/><\/span><\/td>\n<\/tr>\n\n<tr>\n<td>Packagin material (if have any special requests)<\/td>\n<td><span class=\"only-mobile\">Packagin material (if have any special requests)<\/span><span class=\"wpcf7-form-control-wrap\" data-name=\"quantification_of_tabric\"><input size=\"40\" maxlength=\"400\" class=\"wpcf7-form-control wpcf7-text\" aria-invalid=\"false\" placeholder=\"\" value=\"\" type=\"text\" name=\"quantification_of_tabric\" \/><\/span><\/td>\n<\/tr>\n\n<tr>\n<td class=\"lbl-bold\">Photo of sample (if have)<\/td>\n<td><span class=\"wpcf7-form-control-wrap\" data-name=\"att_photo\"><input size=\"40\" class=\"wpcf7-form-control wpcf7-file\" accept=\"audio\/*,video\/*,image\/*\" aria-invalid=\"false\" type=\"file\" name=\"att_photo\" \/><\/span><\/td>\n<\/tr>\n\n<tr>\n<td class=\"lbl-bold\">The nation where you will import to<\/td>\n<td><span class=\"wpcf7-form-control-wrap\" data-name=\"where_import_to\"><select class=\"wpcf7-form-control wpcf7-select\" aria-invalid=\"false\" name=\"where_import_to\"><option value=\"-- Choose nation --\">-- Choose nation --<\/option><option value=\"Afghanistan\">Afghanistan<\/option><option value=\"Algeria\">Algeria<\/option><option value=\"Angola\">Angola<\/option><option value=\"Argentina\">Argentina<\/option><option value=\"Austria\">Austria<\/option><option value=\"Australia\">Australia<\/option><option value=\"Bangladesh\">Bangladesh<\/option><option value=\"Belarus\">Belarus<\/option><option value=\"Belgium\">Belgium<\/option><option value=\"Bolivia\">Bolivia<\/option><option value=\"Bosnia and Herzegovina\">Bosnia and Herzegovina<\/option><option value=\"Brazil\">Brazil<\/option><option value=\"Britain\">Britain<\/option><option value=\"Bulgaria\">Bulgaria<\/option><option value=\"Cambodia\">Cambodia<\/option><option value=\"Cameroon\">Cameroon<\/option><option value=\"Canada\">Canada<\/option><option value=\"Central African Republic\">Central African Republic<\/option><option value=\"Chad\">Chad<\/option><option value=\"China\">China<\/option><option value=\"Colombia\">Colombia<\/option><option value=\"Costa Rica\">Costa Rica<\/option><option value=\"Croatia\">Croatia<\/option><option value=\"the Czech Republic\">the Czech Republic<\/option><option value=\"Democratic Republic of the Congo\">Democratic Republic of the Congo<\/option><option value=\"Denmark\">Denmark<\/option><option value=\"Ecuador\">Ecuador<\/option><option value=\"Egypt\">Egypt<\/option><option value=\"El Salvador\">El Salvador<\/option><option value=\"England\">England<\/option><option value=\"Estonia\">Estonia<\/option><option value=\"Ethiopia\">Ethiopia<\/option><option value=\"Finland\">Finland<\/option><option value=\"France\">France<\/option><option value=\"Germany\">Germany<\/option><option value=\"Ghana\">Ghana<\/option><option value=\"Greece\">Greece<\/option><option value=\"Guatemala\">Guatemala<\/option><option value=\"Holland\">Holland<\/option><option value=\"Honduras\">Honduras<\/option><option value=\"Hungary\">Hungary<\/option><option value=\"Iceland\">Iceland<\/option><option value=\"India\">India<\/option><option value=\"Indonesia\">Indonesia<\/option><option value=\"Iran\">Iran<\/option><option value=\"Iraq\">Iraq<\/option><option value=\"Ireland\">Ireland<\/option><option value=\"Israel\">Israel<\/option><option value=\"Italy\">Italy<\/option><option value=\"Ivory Coast\">Ivory Coast<\/option><option value=\"Jamaica\">Jamaica<\/option><option value=\"Japan\">Japan<\/option><option value=\"Jordan\">Jordan<\/option><option value=\"Kazakhstan\">Kazakhstan<\/option><option value=\"Kenya\">Kenya<\/option><option value=\"Laos\">Laos<\/option><option value=\"Latvia\">Latvia<\/option><option value=\"Libya\">Libya<\/option><option value=\"Lithuania\">Lithuania<\/option><option value=\"Madagascar\">Madagascar<\/option><option value=\"Malaysia\">Malaysia<\/option><option value=\"Mali\">Mali<\/option><option value=\"Mauritania\">Mauritania<\/option><option value=\"Mexico\">Mexico<\/option><option value=\"Morocco\">Morocco<\/option><option value=\"Namibia\">Namibia<\/option><option value=\"New Zealand\">New Zealand<\/option><option value=\"Nicaragua\">Nicaragua<\/option><option value=\"Niger\">Niger<\/option><option value=\"Nigeria\">Nigeria<\/option><option value=\"Norway\">Norway<\/option><option value=\"Oman\">Oman<\/option><option value=\"Pakistan\">Pakistan<\/option><option value=\"Panama\">Panama<\/option><option value=\"Paraguay\">Paraguay<\/option><option value=\"Peru\">Peru<\/option><option value=\"The Philippines\">The Philippines<\/option><option value=\"Poland\">Poland<\/option><option value=\"Portugal\">Portugal<\/option><option value=\"Republic of the Congo\">Republic of the Congo<\/option><option value=\"Romania\">Romania<\/option><option value=\"Russia\">Russia<\/option><option value=\"Saudi Arabia\">Saudi Arabia<\/option><option value=\"Scotland\">Scotland<\/option><option value=\"Senegal\">Senegal<\/option><option value=\"Serbia\">Serbia<\/option><option value=\"Singapore\">Singapore<\/option><option value=\"Slovakia\">Slovakia<\/option><option value=\"Somalia\">Somalia<\/option><option value=\"South Africa\">South Africa<\/option><option value=\"Spain\">Spain<\/option><option value=\"Sudan\">Sudan<\/option><option value=\"Sweden\">Sweden<\/option><option value=\"Switzerland\">Switzerland<\/option><option value=\"Syria\">Syria<\/option><option value=\"Thailand\">Thailand<\/option><option value=\"Tunisia\">Tunisia<\/option><option value=\"Turkey\">Turkey<\/option><option value=\"Turkmenistan\">Turkmenistan<\/option><option value=\"Ukraine\">Ukraine<\/option><option value=\"The United Arab Emirates\">The United Arab Emirates<\/option><option value=\"The United States\">The United States<\/option><option value=\"Uruguay\">Uruguay<\/option><option value=\"Vietnam\">Vietnam<\/option><option value=\"Wales\">Wales<\/option><option value=\"Zambia\">Zambia<\/option><option value=\"Zimbabwe\">Zimbabwe<\/option><\/select><\/span><\/td>\n<\/tr>\n\n<\/tbody>\n<\/table>\n\n<div class=\"f-row\">\n<div class=\"f-item\">\n<span class=\"wpcf7-form-control-wrap\" data-name=\"note\"><textarea cols=\"40\" rows=\"3\" maxlength=\"2000\" class=\"wpcf7-form-control wpcf7-textarea\" aria-invalid=\"false\" placeholder=\"Note*\" name=\"note\"><\/textarea><\/span>\n<\/div>\n<\/div>\n\n<input class=\"wpcf7-form-control wpcf7-submit has-spinner\" type=\"submit\" value=\"Submit\" \/>\n\n<\/div><div class=\"wpcf7-response-output\" aria-hidden=\"true\"><\/div>\n<\/form>\n<\/div>\n\n<\/div>\n","protected":false},"excerpt":{"rendered":"<p>\u0110\u0103ng k\u00fd s\u1ea3n xu\u1ea5t nh\u00e3n h\u00e0ng ri\u00eang<\/p>\n","protected":false},"author":1,"featured_media":0,"parent":0,"menu_order":0,"comment_status":"closed","ping_status":"closed","template":"page-custom-page-01.php","meta":{"_acf_changed":false,"footnotes":""},"class_list":["post-7483","page","type-page","status-publish","hentry"],"acf":[],"_links":{"self":[{"href":"https:\/\/dhti.vn\/en\/wp-json\/wp\/v2\/pages\/7483","targetHints":{"allow":["GET"]}}],"collection":[{"href":"https:\/\/dhti.vn\/en\/wp-json\/wp\/v2\/pages"}],"about":[{"href":"https:\/\/dhti.vn\/en\/wp-json\/wp\/v2\/types\/page"}],"author":[{"embeddable":true,"href":"https:\/\/dhti.vn\/en\/wp-json\/wp\/v2\/users\/1"}],"replies":[{"embeddable":true,"href":"https:\/\/dhti.vn\/en\/wp-json\/wp\/v2\/comments?post=7483"}],"version-history":[{"count":5,"href":"https:\/\/dhti.vn\/en\/wp-json\/wp\/v2\/pages\/7483\/revisions"}],"predecessor-version":[{"id":7488,"href":"https:\/\/dhti.vn\/en\/wp-json\/wp\/v2\/pages\/7483\/revisions\/7488"}],"wp:attachment":[{"href":"https:\/\/dhti.vn\/en\/wp-json\/wp\/v2\/media?parent=7483"}],"curies":[{"name":"wp","href":"https:\/\/api.w.org\/{rel}","templated":true}]}}