{"id":7458,"date":"2024-07-22T08:52:27","date_gmt":"2024-07-22T01:52:27","guid":{"rendered":"https:\/\/dhti.vn\/?page_id=7458"},"modified":"2024-08-19T11:14:54","modified_gmt":"2024-08-19T04:14:54","slug":"giai-thuong","status":"publish","type":"page","link":"https:\/\/dhti.vn\/en\/giai-thuong\/","title":{"rendered":"Prize"},"content":{"rendered":"<div class=\"row align-equal\"  id=\"row-1851673466\">\n\n\t<div id=\"col-233261368\" class=\"col medium-6 small-12 large-6\"  >\n\t\t\t\t<div class=\"col-inner\"  >\n\t\t\t\n\t\t\t\n\t<div class=\"box has-hover   has-hover box-text-bottom\" >\n\n\t\t<div class=\"box-image\" >\n\t\t\t\t\t\t<div class=\"\" >\n\t\t\t\t<img loading=\"lazy\" decoding=\"async\" width=\"1835\" height=\"2560\" src=\"https:\/\/dhti.vn\/wp-content\/uploads\/2024\/07\/giai-thuong-4.jpg\" class=\"attachment- size-\" alt=\"Huy ch\u01b0\u01a1ng v\u00e0ng s\u1ea3n ph\u1ea9m ch\u1ea5t l\u01b0\u1ee3ng an to\u00e0n v\u00ec s\u1ee9c kh\u1ecfe c\u1ed9ng \u0111\u1ed3ng cho s\u1ea3n ph\u1ea9m kh\u0103n \u01b0\u1edbt Hoa Lan\" srcset=\"https:\/\/dhti.vn\/wp-content\/uploads\/2024\/07\/giai-thuong-4.jpg 1835w, https:\/\/dhti.vn\/wp-content\/uploads\/2024\/07\/giai-thuong-4-768x1071.jpg 768w\" sizes=\"auto, (max-width: 1835px) 100vw, 1835px\" \/>\t\t\t\t\t\t\t\t\t\t\t<\/div>\n\t\t\t\t\t<\/div>\n\n\t\t<div class=\"box-text text-center\" >\n\t\t\t<div class=\"box-text-inner\">\n\t\t\t\t\n<p>Gold medal and title of safe quality product for public health for Mamamy wet wipes<\/p>\n\t\t\t<\/div>\n\t\t<\/div>\n\t<\/div>\n\t\n\t\t<\/div>\n\t\t\t\t\t<\/div>\n\n\t\n\n\t<div id=\"col-1820098094\" class=\"col medium-6 small-12 large-6\"  >\n\t\t\t\t<div class=\"col-inner\"  >\n\t\t\t\n\t\t\t\n\t<div class=\"box has-hover   has-hover box-text-bottom\" >\n\n\t\t<div class=\"box-image\" >\n\t\t\t\t\t\t<div class=\"\" >\n\t\t\t\t<img loading=\"lazy\" decoding=\"async\" width=\"1892\" height=\"2560\" src=\"https:\/\/dhti.vn\/wp-content\/uploads\/2024\/07\/giai-thuong-2.jpg\" class=\"attachment- size-\" alt=\"Huy ch\u01b0\u01a1ng v\u00e0ng s\u1ea3n ph\u1ea9m ch\u1ea5t l\u01b0\u1ee3ng an to\u00e0n v\u00ec s\u1ee9c kh\u1ecfe c\u1ed9ng \u0111\u1ed3ng cho s\u1ea3n ph\u1ea9m kh\u0103n \u01b0\u1edbt\" srcset=\"https:\/\/dhti.vn\/wp-content\/uploads\/2024\/07\/giai-thuong-2.jpg 1892w, https:\/\/dhti.vn\/wp-content\/uploads\/2024\/07\/giai-thuong-2-768x1039.jpg 768w\" sizes=\"auto, (max-width: 1892px) 100vw, 1892px\" \/>\t\t\t\t\t\t\t\t\t\t\t<\/div>\n\t\t\t\t\t<\/div>\n\n\t\t<div class=\"box-text text-center\" >\n\t\t\t<div class=\"box-text-inner\">\n\t\t\t\t\n<p>Gold medal for safe quality products for public health for wet wipes<\/p>\n\t\t\t<\/div>\n\t\t<\/div>\n\t<\/div>\n\t\n\t\t<\/div>\n\t\t\t\t\t<\/div>\n\n\t\n\n\t<div id=\"col-375141170\" class=\"col medium-6 small-12 large-6\"  >\n\t\t\t\t<div class=\"col-inner\"  >\n\t\t\t\n\t\t\t\n\t<div class=\"box has-hover   has-hover box-text-bottom\" >\n\n\t\t<div class=\"box-image\" >\n\t\t\t\t\t\t<div class=\"\" >\n\t\t\t\t<img loading=\"lazy\" decoding=\"async\" width=\"1742\" height=\"2560\" src=\"https:\/\/dhti.vn\/wp-content\/uploads\/2024\/07\/giai-thuong-5.jpg\" class=\"attachment- size-\" alt=\"Ch\u1ee9ng nh\u1eadn s\u1ea3n ph\u1ea9m Kh\u0103n, Gi\u1ea5y V\u1ec7 Sinh Hoa Lan thu\u1ed9c c\u00f4ng ty TNHH \u0110\u00f4ng Hi\u1ec7p \u0111\u1ea1t danh hi\u1ec7u H\u00e0ng Vi\u1ec7t Nam ch\u1ea5t l\u01b0\u1ee3ng cao 2011 do ng\u01b0\u1eddi ti\u00eau d\u00f9ng b\u00ecnh ch\u1ecdn\" srcset=\"https:\/\/dhti.vn\/wp-content\/uploads\/2024\/07\/giai-thuong-5.jpg 1742w, https:\/\/dhti.vn\/wp-content\/uploads\/2024\/07\/giai-thuong-5-768x1129.jpg 768w\" sizes=\"auto, (max-width: 1742px) 100vw, 1742px\" \/>\t\t\t\t\t\t\t\t\t\t\t<\/div>\n\t\t\t\t\t<\/div>\n\n\t\t<div class=\"box-text text-center\" >\n\t\t\t<div class=\"box-text-inner\">\n\t\t\t\t\n<p>Certificate of Mamamy Paper Towels belonging to Dong Hiep Co., Ltd. won the title of High Quality Vietnamese Goods 2010 voted by consumers<\/p>\n\t\t\t<\/div>\n\t\t<\/div>\n\t<\/div>\n\t\n\t\t<\/div>\n\t\t\t\t\t<\/div>\n\n\t\n\n\t<div id=\"col-421671434\" class=\"col medium-6 small-12 large-6\"  >\n\t\t\t\t<div class=\"col-inner\"  >\n\t\t\t\n\t\t\t\n\t<div class=\"box has-hover   has-hover box-text-bottom\" >\n\n\t\t<div class=\"box-image\" >\n\t\t\t\t\t\t<div class=\"\" >\n\t\t\t\t<img loading=\"lazy\" decoding=\"async\" width=\"1747\" height=\"2560\" src=\"https:\/\/dhti.vn\/wp-content\/uploads\/2024\/07\/giai-thuong-6.jpg\" class=\"attachment- size-\" alt=\"Ch\u1ee9ng nh\u1eadn s\u1ea3n ph\u1ea9m Kh\u0103n Gi\u1ea5y Mamamy thu\u1ed9c c\u00f4ng ty TNHH \u0110\u00f4ng Hi\u1ec7p \u0111\u1ea1t danh hi\u1ec7u H\u00e0ng Vi\u1ec7t Nam ch\u1ea5t l\u01b0\u1ee3ng cao 2010 do ng\u01b0\u1eddi ti\u00eau d\u00f9ng b\u00ecnh ch\u1ecdn\" srcset=\"https:\/\/dhti.vn\/wp-content\/uploads\/2024\/07\/giai-thuong-6.jpg 1747w, https:\/\/dhti.vn\/wp-content\/uploads\/2024\/07\/giai-thuong-6-768x1125.jpg 768w\" sizes=\"auto, (max-width: 1747px) 100vw, 1747px\" \/>\t\t\t\t\t\t\t\t\t\t\t<\/div>\n\t\t\t\t\t<\/div>\n\n\t\t<div class=\"box-text text-center\" >\n\t\t\t<div class=\"box-text-inner\">\n\t\t\t\t\n<p>Certification of Hoa Orchid Towels and Toilet Paper products of Dong Hiep Co., Ltd. won the title of High Quality Vietnamese Goods 2011 voted by consumers<\/p>\n\t\t\t<\/div>\n\t\t<\/div>\n\t<\/div>\n\t\n\t\t<\/div>\n\t\t\t\t\t<\/div>\n\n\t\n<\/div>\n","protected":false},"excerpt":{"rendered":"","protected":false},"author":1,"featured_media":0,"parent":0,"menu_order":0,"comment_status":"closed","ping_status":"closed","template":"page-custom-page-01.php","meta":{"_acf_changed":false,"footnotes":""},"class_list":["post-7458","page","type-page","status-publish","hentry"],"acf":[],"_links":{"self":[{"href":"https:\/\/dhti.vn\/en\/wp-json\/wp\/v2\/pages\/7458","targetHints":{"allow":["GET"]}}],"collection":[{"href":"https:\/\/dhti.vn\/en\/wp-json\/wp\/v2\/pages"}],"about":[{"href":"https:\/\/dhti.vn\/en\/wp-json\/wp\/v2\/types\/page"}],"author":[{"embeddable":true,"href":"https:\/\/dhti.vn\/en\/wp-json\/wp\/v2\/users\/1"}],"replies":[{"embeddable":true,"href":"https:\/\/dhti.vn\/en\/wp-json\/wp\/v2\/comments?post=7458"}],"version-history":[{"count":4,"href":"https:\/\/dhti.vn\/en\/wp-json\/wp\/v2\/pages\/7458\/revisions"}],"predecessor-version":[{"id":7462,"href":"https:\/\/dhti.vn\/en\/wp-json\/wp\/v2\/pages\/7458\/revisions\/7462"}],"wp:attachment":[{"href":"https:\/\/dhti.vn\/en\/wp-json\/wp\/v2\/media?parent=7458"}],"curies":[{"name":"wp","href":"https:\/\/api.w.org\/{rel}","templated":true}]}}